{"id":981,"date":"2025-08-14T12:05:11","date_gmt":"2025-08-14T12:05:11","guid":{"rendered":"https:\/\/cafe-meier.at\/?page_id=981"},"modified":"2025-08-14T12:59:42","modified_gmt":"2025-08-14T12:59:42","slug":"ueber-uns","status":"publish","type":"page","link":"https:\/\/cafe-meier.at\/?page_id=981","title":{"rendered":"\u00dcber uns"},"content":{"rendered":"<p><img loading=\"lazy\" decoding=\"async\" data-attachment-id=\"959\" data-permalink=\"https:\/\/cafe-meier.at\/?attachment_id=959#main\" data-orig-file=\"https:\/\/cafe-meier.at\/wp-content\/uploads\/2025\/08\/meier-pfarrplatzseite.jpg\" data-orig-size=\"1000,669\" data-comments-opened=\"1\" data-image-meta=\"{&quot;aperture&quot;:&quot;0&quot;,&quot;credit&quot;:&quot;&quot;,&quot;camera&quot;:&quot;&quot;,&quot;caption&quot;:&quot;&quot;,&quot;created_timestamp&quot;:&quot;0&quot;,&quot;copyright&quot;:&quot;&quot;,&quot;focal_length&quot;:&quot;0&quot;,&quot;iso&quot;:&quot;0&quot;,&quot;shutter_speed&quot;:&quot;0&quot;,&quot;title&quot;:&quot;&quot;,&quot;orientation&quot;:&quot;1&quot;}\" data-image-title=\"meier-pfarrplatzseite\" data-image-description=\"\" data-image-caption=\"\" data-medium-file=\"https:\/\/cafe-meier.at\/wp-content\/uploads\/2025\/08\/meier-pfarrplatzseite-300x201.jpg\" data-large-file=\"https:\/\/cafe-meier.at\/wp-content\/uploads\/2025\/08\/meier-pfarrplatzseite.jpg\" class=\"alignnone size-full wp-image-959\" src=\"https:\/\/cafe-meier.at\/wp-content\/uploads\/2025\/08\/meier-pfarrplatzseite.jpg\" alt=\"\" width=\"1000\" height=\"669\" srcset=\"https:\/\/cafe-meier.at\/wp-content\/uploads\/2025\/08\/meier-pfarrplatzseite.jpg 1000w, https:\/\/cafe-meier.at\/wp-content\/uploads\/2025\/08\/meier-pfarrplatzseite-300x201.jpg 300w, https:\/\/cafe-meier.at\/wp-content\/uploads\/2025\/08\/meier-pfarrplatzseite-768x514.jpg 768w, https:\/\/cafe-meier.at\/wp-content\/uploads\/2025\/08\/meier-pfarrplatzseite-695x465.jpg 695w, https:\/\/cafe-meier.at\/wp-content\/uploads\/2025\/08\/meier-pfarrplatzseite-224x150.jpg 224w\" sizes=\"auto, (max-width: 1000px) 100vw, 1000px\" \/><\/p>\n<ul class=\"ul1\">\n<li class=\"li3\"><strong><span class=\"s2\">Lage &#038; Umfeld<\/span><\/strong><span class=\"s3\"><br \/>\n<\/span><span class=\"s2\">Das Caf\u00e9 Meier befindet sich direkt am Pfarrplatz 7 in der Linzer Altstadt (Bezirk Innere Stadt) \u2013 zentral und gut erreichbar. <\/span><\/li>\n<li class=\"li3\"><strong><span class=\"s2\">Ambiente &#038; Charakter<\/span><\/strong><span class=\"s3\"><br \/>\n<\/span><span class=\"s2\">Das Kaffeehaus besticht durch zeitlose Einrichtung mit Marmortischen, Lederpolstern und Gew\u00f6lber\u00e4umen. Ein altes Klavier und ruhige Atmosph\u00e4re (Handy- und Laptop-Verbot) unterstreichen das traditionelle Flair.<\/span><\/li>\n<li class=\"li3\"><strong><span class=\"s2\">Gastgarten &#038; Platzangebot<\/span><\/strong><span class=\"s3\"><br \/>\n<\/span><span class=\"s2\">Innen bietet das Caf\u00e9 rund 100 Sitzpl\u00e4tze, im Gastgarten weitere ca. 60 \u2013 auch im Winter teilweise nutzbar.<\/span><\/li>\n<li class=\"li3\"><strong><span class=\"s2\">Kaffee &#038; Kulinarik<\/span><\/strong><span class=\"s3\"><br \/>\n<\/span><span class=\"s2\">Hier wird Kaffee selbst in einer hauseigenen R\u00f6sterei fair und nachhaltig verarbeitet \u2013 mit Bohnen aus Mittelamerika, Afrika etc. Dazu bietet man Fr\u00fchst\u00fcck bis 15 Uhr, hausgemachte Mehlspeisen und saisonale Speisen.<\/span><\/li>\n<li class=\"li3\"><strong><span class=\"s2\">Auszeichnungen &#038; Besonderheiten<\/span><\/strong><span class=\"s3\"><br \/>\n<\/span><span class=\"s2\">Mit 2 Kaffeetassen und 89 Punkten im Falstaff-Ratgeber ausgezeichnet. Zudem gibt es eine BookCrossing-Zone (offenes B\u00fccherregal im Caf\u00e9), sowie regelm\u00e4\u00dfige kulturelle Events wie Klavierabende &#038; Lesungen.<\/span><\/li>\n<\/ul>\n<p><strong><span class=\"s2\">\u00a0<\/span><\/strong><\/p>\n","protected":false},"excerpt":{"rendered":"<p>Lage &#038; Umfeld Das Caf\u00e9 Meier befindet sich direkt am Pfarrplatz 7 in der Linzer Altstadt (Bezirk Innere Stadt) \u2013 zentral und gut erreichbar. Ambiente &#038; Charakter Das Kaffeehaus besticht durch zeitlose Einrichtung mit Marmortischen, Lederpolstern und Gew\u00f6lber\u00e4umen. Ein altes Klavier und ruhige Atmosph\u00e4re (Handy- und Laptop-Verbot) unterstreichen das traditionelle Flair. Gastgarten &#038; Platzangebot Innen [&hellip;]<\/p>\n","protected":false},"author":1,"featured_media":0,"parent":0,"menu_order":0,"comment_status":"closed","ping_status":"closed","template":"","meta":{"footnotes":""},"class_list":["post-981","page","type-page","status-publish","hentry"],"jetpack_sharing_enabled":true,"_links":{"self":[{"href":"https:\/\/cafe-meier.at\/index.php?rest_route=\/wp\/v2\/pages\/981","targetHints":{"allow":["GET"]}}],"collection":[{"href":"https:\/\/cafe-meier.at\/index.php?rest_route=\/wp\/v2\/pages"}],"about":[{"href":"https:\/\/cafe-meier.at\/index.php?rest_route=\/wp\/v2\/types\/page"}],"author":[{"embeddable":true,"href":"https:\/\/cafe-meier.at\/index.php?rest_route=\/wp\/v2\/users\/1"}],"replies":[{"embeddable":true,"href":"https:\/\/cafe-meier.at\/index.php?rest_route=%2Fwp%2Fv2%2Fcomments&post=981"}],"version-history":[{"count":5,"href":"https:\/\/cafe-meier.at\/index.php?rest_route=\/wp\/v2\/pages\/981\/revisions"}],"predecessor-version":[{"id":999,"href":"https:\/\/cafe-meier.at\/index.php?rest_route=\/wp\/v2\/pages\/981\/revisions\/999"}],"wp:attachment":[{"href":"https:\/\/cafe-meier.at\/index.php?rest_route=%2Fwp%2Fv2%2Fmedia&parent=981"}],"curies":[{"name":"wp","href":"https:\/\/api.w.org\/{rel}","templated":true}]}}