{"id":18,"date":"2014-12-09T12:40:40","date_gmt":"2014-12-09T12:40:40","guid":{"rendered":"http:\/\/kaffeemeier.wordpress.com\/?page_id=18"},"modified":"2025-08-14T14:36:53","modified_gmt":"2025-08-14T14:36:53","slug":"rosterei","status":"publish","type":"page","link":"https:\/\/cafe-meier.at\/?page_id=18","title":{"rendered":"MEIERKAFFEE Hausr\u00f6sterei"},"content":{"rendered":"<h5><span style=\"color: #8d2317;\">Espresso, Capuccino, Melange, Milchkaffee, &#8230;<\/span><\/h5>\n<p>Zwischen dem Pfl\u00fccken der roten Kaffeekirschen bis zum Genie\u00dfen des \u201ekleinen Braunen\u201c im Kaffeehaus liegt ein langer und weiter Weg, und es ist uns ein Anliegen, diesen nachvollziehbar zu machen. Unser Rohkaffee stammt haupts\u00e4chlich aus den traditionellen Kaffeeanbaul\u00e4ndern Mittel- und S\u00fcdamerikas und Afrikas, von kleinen Bauern, die sich in Kooperativen zusammengeschlossen haben. Sie erhalten daf\u00fcr einen \u201efairen\u201c Preis, der weit \u00fcber dem momentaten Marktpreis liegt. Wir verwenden ausschlie\u00dflich Arabica-Bohnen aus dem Hochland, die ohne chemische D\u00fcngung und Spritzmittel angebaut werden. Arabica-Bohnen sind qualitativ hochwertiger als Robusta-Bohnen, sie enthalten weniger Koffein, jedoch mehr Geschmackstoffe.<\/p>\n<div class=\"tiled-gallery type-square tiled-gallery-unresized\" data-original-width=\"645\" data-carousel-extra='{&quot;blog_id&quot;:1,&quot;permalink&quot;:&quot;https:\\\/\\\/cafe-meier.at\\\/?page_id=18&quot;,&quot;likes_blog_id&quot;:83012636}' itemscope itemtype=\"http:\/\/schema.org\/ImageGallery\" > <div class=\"gallery-row\" style=\"width: 645px; height: 215px;\" data-original-width=\"645\" data-original-height=\"215\" > <div class=\"gallery-group\" style=\"width: 215px; height: 215px;\" data-original-width=\"215\" data-original-height=\"215\" > <div class=\"tiled-gallery-item \" itemprop=\"associatedMedia\" itemscope itemtype=\"http:\/\/schema.org\/ImageObject\"> <a href=\"https:\/\/cafe-meier.at\/?attachment_id=964\" border=\"0\" itemprop=\"url\"> <meta itemprop=\"width\" content=\"211\"> <meta itemprop=\"height\" content=\"211\"> <img decoding=\"async\" class=\"\" data-attachment-id=\"964\" data-orig-file=\"https:\/\/cafe-meier.at\/wp-content\/uploads\/2025\/08\/meierkaffee_02-.jpg\" data-orig-size=\"695,521\" data-comments-opened=\"1\" data-image-meta=\"{&quot;aperture&quot;:&quot;0&quot;,&quot;credit&quot;:&quot;&quot;,&quot;camera&quot;:&quot;&quot;,&quot;caption&quot;:&quot;&quot;,&quot;created_timestamp&quot;:&quot;0&quot;,&quot;copyright&quot;:&quot;&quot;,&quot;focal_length&quot;:&quot;0&quot;,&quot;iso&quot;:&quot;0&quot;,&quot;shutter_speed&quot;:&quot;0&quot;,&quot;title&quot;:&quot;&quot;,&quot;orientation&quot;:&quot;1&quot;}\" data-image-title=\"meierkaffee_02-\" data-image-description=\"\" data-medium-file=\"https:\/\/cafe-meier.at\/wp-content\/uploads\/2025\/08\/meierkaffee_02--300x225.jpg\" data-large-file=\"https:\/\/cafe-meier.at\/wp-content\/uploads\/2025\/08\/meierkaffee_02-.jpg\" src=\"https:\/\/i0.wp.com\/cafe-meier.at\/wp-content\/uploads\/2025\/08\/meierkaffee_02-.jpg?w=211&#038;h=211&#038;crop=1&#038;ssl=1\" width=\"211\" height=\"211\" loading=\"lazy\" data-original-width=\"211\" data-original-height=\"211\" itemprop=\"http:\/\/schema.org\/image\" title=\"meierkaffee_02-\" alt=\"meierkaffee_02-\" style=\"width: 211px; height: 211px;\" \/> <\/a> <\/div> <\/div> <div class=\"gallery-group\" style=\"width: 215px; height: 215px;\" data-original-width=\"215\" data-original-height=\"215\" > <div class=\"tiled-gallery-item \" itemprop=\"associatedMedia\" itemscope itemtype=\"http:\/\/schema.org\/ImageObject\"> <a href=\"https:\/\/cafe-meier.at\/?attachment_id=967\" border=\"0\" itemprop=\"url\"> <meta itemprop=\"width\" content=\"211\"> <meta itemprop=\"height\" content=\"211\"> <img decoding=\"async\" class=\"\" data-attachment-id=\"967\" data-orig-file=\"https:\/\/cafe-meier.at\/wp-content\/uploads\/2025\/08\/meierkaffee_09-.jpg\" data-orig-size=\"464,695\" data-comments-opened=\"1\" data-image-meta=\"{&quot;aperture&quot;:&quot;0&quot;,&quot;credit&quot;:&quot;&quot;,&quot;camera&quot;:&quot;&quot;,&quot;caption&quot;:&quot;&quot;,&quot;created_timestamp&quot;:&quot;0&quot;,&quot;copyright&quot;:&quot;&quot;,&quot;focal_length&quot;:&quot;0&quot;,&quot;iso&quot;:&quot;0&quot;,&quot;shutter_speed&quot;:&quot;0&quot;,&quot;title&quot;:&quot;&quot;,&quot;orientation&quot;:&quot;1&quot;}\" data-image-title=\"meierkaffee_09-\" data-image-description=\"\" data-medium-file=\"https:\/\/cafe-meier.at\/wp-content\/uploads\/2025\/08\/meierkaffee_09--200x300.jpg\" data-large-file=\"https:\/\/cafe-meier.at\/wp-content\/uploads\/2025\/08\/meierkaffee_09-.jpg\" src=\"https:\/\/i0.wp.com\/cafe-meier.at\/wp-content\/uploads\/2025\/08\/meierkaffee_09-.jpg?w=211&#038;h=211&#038;crop=1&#038;ssl=1\" width=\"211\" height=\"211\" loading=\"lazy\" data-original-width=\"211\" data-original-height=\"211\" itemprop=\"http:\/\/schema.org\/image\" title=\"meierkaffee_09-\" alt=\"meierkaffee_09-\" style=\"width: 211px; height: 211px;\" \/> <\/a> <\/div> <\/div> <div class=\"gallery-group\" style=\"width: 215px; height: 215px;\" data-original-width=\"215\" data-original-height=\"215\" > <div class=\"tiled-gallery-item \" itemprop=\"associatedMedia\" itemscope itemtype=\"http:\/\/schema.org\/ImageObject\"> <a href=\"https:\/\/cafe-meier.at\/?attachment_id=961\" border=\"0\" itemprop=\"url\"> <meta itemprop=\"width\" content=\"211\"> <meta itemprop=\"height\" content=\"211\"> <img decoding=\"async\" class=\"\" data-attachment-id=\"961\" data-orig-file=\"https:\/\/cafe-meier.at\/wp-content\/uploads\/2025\/08\/meierkaffee_06-.jpg\" data-orig-size=\"695,464\" data-comments-opened=\"1\" data-image-meta=\"{&quot;aperture&quot;:&quot;0&quot;,&quot;credit&quot;:&quot;&quot;,&quot;camera&quot;:&quot;&quot;,&quot;caption&quot;:&quot;&quot;,&quot;created_timestamp&quot;:&quot;0&quot;,&quot;copyright&quot;:&quot;&quot;,&quot;focal_length&quot;:&quot;0&quot;,&quot;iso&quot;:&quot;0&quot;,&quot;shutter_speed&quot;:&quot;0&quot;,&quot;title&quot;:&quot;&quot;,&quot;orientation&quot;:&quot;1&quot;}\" data-image-title=\"meierkaffee_06-\" data-image-description=\"\" data-medium-file=\"https:\/\/cafe-meier.at\/wp-content\/uploads\/2025\/08\/meierkaffee_06--300x200.jpg\" data-large-file=\"https:\/\/cafe-meier.at\/wp-content\/uploads\/2025\/08\/meierkaffee_06-.jpg\" src=\"https:\/\/i0.wp.com\/cafe-meier.at\/wp-content\/uploads\/2025\/08\/meierkaffee_06-.jpg?w=211&#038;h=211&#038;crop=1&#038;ssl=1\" width=\"211\" height=\"211\" loading=\"lazy\" data-original-width=\"211\" data-original-height=\"211\" itemprop=\"http:\/\/schema.org\/image\" title=\"meierkaffee_06-\" alt=\"meierkaffee_06-\" style=\"width: 211px; height: 211px;\" \/> <\/a> <\/div> <\/div> <\/div> <div class=\"gallery-row\" style=\"width: 645px; height: 215px;\" data-original-width=\"645\" data-original-height=\"215\" > <div class=\"gallery-group\" style=\"width: 215px; height: 215px;\" data-original-width=\"215\" data-original-height=\"215\" > <div class=\"tiled-gallery-item \" itemprop=\"associatedMedia\" itemscope itemtype=\"http:\/\/schema.org\/ImageObject\"> <a href=\"https:\/\/cafe-meier.at\/?attachment_id=960\" border=\"0\" itemprop=\"url\"> <meta itemprop=\"width\" content=\"211\"> <meta itemprop=\"height\" content=\"211\"> <img decoding=\"async\" class=\"\" data-attachment-id=\"960\" data-orig-file=\"https:\/\/cafe-meier.at\/wp-content\/uploads\/2025\/08\/meierkaffee_04-.jpg\" data-orig-size=\"695,521\" data-comments-opened=\"1\" data-image-meta=\"{&quot;aperture&quot;:&quot;0&quot;,&quot;credit&quot;:&quot;&quot;,&quot;camera&quot;:&quot;&quot;,&quot;caption&quot;:&quot;&quot;,&quot;created_timestamp&quot;:&quot;0&quot;,&quot;copyright&quot;:&quot;&quot;,&quot;focal_length&quot;:&quot;0&quot;,&quot;iso&quot;:&quot;0&quot;,&quot;shutter_speed&quot;:&quot;0&quot;,&quot;title&quot;:&quot;&quot;,&quot;orientation&quot;:&quot;1&quot;}\" data-image-title=\"meierkaffee_04-\" data-image-description=\"\" data-medium-file=\"https:\/\/cafe-meier.at\/wp-content\/uploads\/2025\/08\/meierkaffee_04--300x225.jpg\" data-large-file=\"https:\/\/cafe-meier.at\/wp-content\/uploads\/2025\/08\/meierkaffee_04-.jpg\" src=\"https:\/\/i0.wp.com\/cafe-meier.at\/wp-content\/uploads\/2025\/08\/meierkaffee_04-.jpg?w=211&#038;h=211&#038;crop=1&#038;ssl=1\" width=\"211\" height=\"211\" loading=\"lazy\" data-original-width=\"211\" data-original-height=\"211\" itemprop=\"http:\/\/schema.org\/image\" title=\"meierkaffee_04-\" alt=\"meierkaffee_04-\" style=\"width: 211px; height: 211px;\" \/> <\/a> <\/div> <\/div> <div class=\"gallery-group\" style=\"width: 215px; height: 215px;\" data-original-width=\"215\" data-original-height=\"215\" > <div class=\"tiled-gallery-item \" itemprop=\"associatedMedia\" itemscope itemtype=\"http:\/\/schema.org\/ImageObject\"> <a href=\"https:\/\/cafe-meier.at\/?attachment_id=963\" border=\"0\" itemprop=\"url\"> <meta itemprop=\"width\" content=\"211\"> <meta itemprop=\"height\" content=\"211\"> <img decoding=\"async\" class=\"\" data-attachment-id=\"963\" data-orig-file=\"https:\/\/cafe-meier.at\/wp-content\/uploads\/2025\/08\/meierkaffee_08-.jpg\" data-orig-size=\"695,464\" data-comments-opened=\"1\" data-image-meta=\"{&quot;aperture&quot;:&quot;0&quot;,&quot;credit&quot;:&quot;&quot;,&quot;camera&quot;:&quot;&quot;,&quot;caption&quot;:&quot;&quot;,&quot;created_timestamp&quot;:&quot;0&quot;,&quot;copyright&quot;:&quot;&quot;,&quot;focal_length&quot;:&quot;0&quot;,&quot;iso&quot;:&quot;0&quot;,&quot;shutter_speed&quot;:&quot;0&quot;,&quot;title&quot;:&quot;&quot;,&quot;orientation&quot;:&quot;1&quot;}\" data-image-title=\"meierkaffee_08-\" data-image-description=\"\" data-medium-file=\"https:\/\/cafe-meier.at\/wp-content\/uploads\/2025\/08\/meierkaffee_08--300x200.jpg\" data-large-file=\"https:\/\/cafe-meier.at\/wp-content\/uploads\/2025\/08\/meierkaffee_08-.jpg\" src=\"https:\/\/i0.wp.com\/cafe-meier.at\/wp-content\/uploads\/2025\/08\/meierkaffee_08-.jpg?w=211&#038;h=211&#038;crop=1&#038;ssl=1\" width=\"211\" height=\"211\" loading=\"lazy\" data-original-width=\"211\" data-original-height=\"211\" itemprop=\"http:\/\/schema.org\/image\" title=\"meierkaffee_08-\" alt=\"meierkaffee_08-\" style=\"width: 211px; height: 211px;\" \/> <\/a> <\/div> <\/div> <div class=\"gallery-group\" style=\"width: 215px; height: 215px;\" data-original-width=\"215\" data-original-height=\"215\" > <div class=\"tiled-gallery-item \" itemprop=\"associatedMedia\" itemscope itemtype=\"http:\/\/schema.org\/ImageObject\"> <a href=\"https:\/\/cafe-meier.at\/?attachment_id=966#main\" border=\"0\" itemprop=\"url\"> <meta itemprop=\"width\" content=\"211\"> <meta itemprop=\"height\" content=\"211\"> <img decoding=\"async\" class=\"\" data-attachment-id=\"966\" data-orig-file=\"https:\/\/cafe-meier.at\/wp-content\/uploads\/2025\/08\/meierkaffee_07-.jpg\" data-orig-size=\"695,464\" data-comments-opened=\"1\" data-image-meta=\"{&quot;aperture&quot;:&quot;0&quot;,&quot;credit&quot;:&quot;&quot;,&quot;camera&quot;:&quot;&quot;,&quot;caption&quot;:&quot;&quot;,&quot;created_timestamp&quot;:&quot;0&quot;,&quot;copyright&quot;:&quot;&quot;,&quot;focal_length&quot;:&quot;0&quot;,&quot;iso&quot;:&quot;0&quot;,&quot;shutter_speed&quot;:&quot;0&quot;,&quot;title&quot;:&quot;&quot;,&quot;orientation&quot;:&quot;1&quot;}\" data-image-title=\"meierkaffee_07-\" data-image-description=\"\" data-medium-file=\"https:\/\/cafe-meier.at\/wp-content\/uploads\/2025\/08\/meierkaffee_07--300x200.jpg\" data-large-file=\"https:\/\/cafe-meier.at\/wp-content\/uploads\/2025\/08\/meierkaffee_07-.jpg\" src=\"https:\/\/i0.wp.com\/cafe-meier.at\/wp-content\/uploads\/2025\/08\/meierkaffee_07-.jpg?w=211&#038;h=211&#038;crop=1&#038;ssl=1\" width=\"211\" height=\"211\" loading=\"lazy\" data-original-width=\"211\" data-original-height=\"211\" itemprop=\"http:\/\/schema.org\/image\" title=\"meierkaffee_07-\" alt=\"meierkaffee_07-\" style=\"width: 211px; height: 211px;\" \/> <\/a> <\/div> <\/div> <\/div> <\/div>\n<p>Wir r\u00f6sten unseren Kaffee selbst in kleinen Einheiten in der hauseigenen Kaffeehausr\u00f6sterei. Dadurch ist er immer frisch und das Aroma bleibt erhalten.<\/p>\n<h3>Unser Sortiment<\/h3>\n<hr \/>\n<h3><span style=\"color: #8d2317;\">Buenos Dias<\/span><\/h3>\n<p>eine milde Mischung, speziell f\u00fcr Fr\u00fchst\u00fccks- und Filterkaffee.<br \/>\n250 g gemahlen\/ganze Bohne \u20ac 7,70<br \/>\n500 g gemahlen\/ganze Bohne \u20ac 15,40<br \/>\n1000 g gemahlen\/ganze Bohne \u20ac 30,80<\/p>\n<h4><span style=\"color: #8d2317;\">Mexico-Chiapas<\/span><\/h4>\n<p>reinsortig ger\u00f6steter Hochlandkaffee<br \/>\n250 g gemahlen\/ganze Bohne \u20ac 7,70<br \/>\n500 g gemahlen\/ganze Bohne \u20ac 15,40<br \/>\n1000 g gemahlen\/ganze Bohne \u20ac 30,80<\/p>\n<h4><span style=\"color: #8d2317;\">Uganda<\/span><\/h4>\n<p>sortenrein ger\u00f6steter Hochlandkaffee aus Uganda, kr\u00e4ftig<br \/>\n250 g gemahlen\/ganze Bohne \u20ac 8,00<br \/>\n500 g gemahlen\/ganze Bohne \u20ac 16,00<br \/>\n1000 g gemahlen\/ganze Bohne \u20ac 32,00<\/p>\n<h4><span style=\"color: #8d2317;\">Pura Vida<\/span><\/h4>\n<p>kr\u00e4ftig, spezielle Espressomischung, aber auch f\u00fcr kr\u00e4ftigen Filterkaffee.<br \/>\n250 g gemahlen\/ganze Bohne \u20ac 8,00<br \/>\n500 g gemahlen\/ganze Bohne \u20ac 16,00<br \/>\n1000 g gemahlen\/ganze Bohne \u20ac 32,00<\/p>\n<h4><span style=\"color: #8d2317;\">Buenas Noches<\/span><\/h4>\n<p>koffeinfreier Kaffee, besonders schonend entkoffeiniert durch CO<sub>2<\/sub>-Gase<br \/>\n250 g gemahlen\/ganze Bohne \u20ac 8,30<br \/>\n500 g gemahlen\/ganze Bohne \u20ac 16,60<br \/>\n1000 g gemahlen\/ganze Bohne \u20ac 33,20<\/p>\n<h4><span style=\"color: #8d2317;\">\u00c4thiopia<\/span><\/h4>\n<p>reinsortige R\u00f6stung aus der Urheimat des Kaffees<br \/>\n250 g gemahlen\/ganze Bohne \u20ac 8,50<br \/>\n500 g gemahlen\/ganze Bohne \u20ac 17,00<br \/>\n1000 g gemahlen\/ganze Bohne \u20ac 34,00<\/p>\n<h4><span style=\"color: #8d2317;\">Honduras<\/span><\/h4>\n<p>250 g gemahlen\/ganze Bohne \u20ac 8,50<br \/>\n500 g gemahlen\/ganze Bohne \u20ac 17,00<br \/>\n1000 g gemahlen\/ganze Bohne \u20ac 34,00<\/p>\n<h4><span style=\"color: #8d2317;\">India<\/span><\/h4>\n<p>reinsortige R\u00f6stung<br \/>\n250 g gemahlen\/ganze Bohne \u20ac 8,50<br \/>\n500 g gemahlen\/ganze Bohne \u20ac 17,00<br \/>\n1000 g gemahlen\/ganze Bohne \u20ac 34,00<\/p>\n<h4><span style=\"color: #8d2317;\">Dinkelkaffee<\/span><\/h4>\n<p>ger\u00f6steter Dinkel, ohne chemische Spritz- und D\u00fcngemittel<br \/>\n500 g gemahlen \u20ac 11,50<br \/>\n1000 g gemahlen \u20ac 22,00<\/p>\n<p>Da wir jede Woche frisch r\u00f6sten, k\u00f6nnen wir auch Sonderw\u00fcnsche wie spezielle Mahlung, Verpackung, bzw. Sortenr\u00f6stung so weit wie m\u00f6glich ber\u00fccksichtigen.<\/p>\n<hr \/>\n<h4>Bestellung und Verkauf:<\/h4>\n<p>Cafe-Meier<br \/>\n4020 Linz, Pfarrplatz 7<br \/>\n<a href=\"mailto:Cafe-Meier@gmx.at\">Cafe-Meier@gmx.at<\/a><\/p>\n<p><img loading=\"lazy\" decoding=\"async\" data-attachment-id=\"978\" data-permalink=\"https:\/\/cafe-meier.at\/?attachment_id=978#main\" data-orig-file=\"https:\/\/cafe-meier.at\/wp-content\/uploads\/2025\/08\/meierkaffee_03--e1755172324223.jpg\" data-orig-size=\"695,317\" data-comments-opened=\"1\" data-image-meta=\"{&quot;aperture&quot;:&quot;0&quot;,&quot;credit&quot;:&quot;&quot;,&quot;camera&quot;:&quot;&quot;,&quot;caption&quot;:&quot;&quot;,&quot;created_timestamp&quot;:&quot;0&quot;,&quot;copyright&quot;:&quot;&quot;,&quot;focal_length&quot;:&quot;0&quot;,&quot;iso&quot;:&quot;0&quot;,&quot;shutter_speed&quot;:&quot;0&quot;,&quot;title&quot;:&quot;&quot;,&quot;orientation&quot;:&quot;1&quot;}\" data-image-title=\"meierkaffee_03-\" data-image-description=\"\" data-image-caption=\"\" data-medium-file=\"https:\/\/cafe-meier.at\/wp-content\/uploads\/2025\/08\/meierkaffee_03--e1755172324223-300x137.jpg\" data-large-file=\"https:\/\/cafe-meier.at\/wp-content\/uploads\/2025\/08\/meierkaffee_03--e1755172324223.jpg\" class=\"alignnone wp-image-978 size-full\" src=\"https:\/\/cafe-meier.at\/wp-content\/uploads\/2025\/08\/meierkaffee_03--e1755172324223.jpg\" alt=\"\" width=\"695\" height=\"317\" srcset=\"https:\/\/cafe-meier.at\/wp-content\/uploads\/2025\/08\/meierkaffee_03--e1755172324223.jpg 695w, https:\/\/cafe-meier.at\/wp-content\/uploads\/2025\/08\/meierkaffee_03--e1755172324223-300x137.jpg 300w, https:\/\/cafe-meier.at\/wp-content\/uploads\/2025\/08\/meierkaffee_03--e1755172324223-329x150.jpg 329w\" sizes=\"auto, (max-width: 695px) 100vw, 695px\" \/><\/p>\n","protected":false},"excerpt":{"rendered":"<p>Espresso, Capuccino, Melange, Milchkaffee, &#8230; Zwischen dem Pfl\u00fccken der roten Kaffeekirschen bis zum Genie\u00dfen des \u201ekleinen Braunen\u201c im Kaffeehaus liegt ein langer und weiter Weg, und es ist uns ein Anliegen, diesen nachvollziehbar zu machen. Unser Rohkaffee stammt haupts\u00e4chlich aus den traditionellen Kaffeeanbaul\u00e4ndern Mittel- und S\u00fcdamerikas und Afrikas, von kleinen Bauern, die sich in Kooperativen [&hellip;]<\/p>\n","protected":false},"author":1,"featured_media":957,"parent":0,"menu_order":0,"comment_status":"closed","ping_status":"closed","template":"","meta":{"footnotes":""},"class_list":["post-18","page","type-page","status-publish","has-post-thumbnail","hentry"],"jetpack_sharing_enabled":false,"_links":{"self":[{"href":"https:\/\/cafe-meier.at\/index.php?rest_route=\/wp\/v2\/pages\/18","targetHints":{"allow":["GET"]}}],"collection":[{"href":"https:\/\/cafe-meier.at\/index.php?rest_route=\/wp\/v2\/pages"}],"about":[{"href":"https:\/\/cafe-meier.at\/index.php?rest_route=\/wp\/v2\/types\/page"}],"author":[{"embeddable":true,"href":"https:\/\/cafe-meier.at\/index.php?rest_route=\/wp\/v2\/users\/1"}],"replies":[{"embeddable":true,"href":"https:\/\/cafe-meier.at\/index.php?rest_route=%2Fwp%2Fv2%2Fcomments&post=18"}],"version-history":[{"count":7,"href":"https:\/\/cafe-meier.at\/index.php?rest_route=\/wp\/v2\/pages\/18\/revisions"}],"predecessor-version":[{"id":1022,"href":"https:\/\/cafe-meier.at\/index.php?rest_route=\/wp\/v2\/pages\/18\/revisions\/1022"}],"wp:featuredmedia":[{"embeddable":true,"href":"https:\/\/cafe-meier.at\/index.php?rest_route=\/wp\/v2\/media\/957"}],"wp:attachment":[{"href":"https:\/\/cafe-meier.at\/index.php?rest_route=%2Fwp%2Fv2%2Fmedia&parent=18"}],"curies":[{"name":"wp","href":"https:\/\/api.w.org\/{rel}","templated":true}]}}