{"id":120,"date":"2014-12-09T19:02:49","date_gmt":"2014-12-09T17:02:49","guid":{"rendered":"http:\/\/kaffeemeier.wordpress.com\/?page_id=120"},"modified":"2025-08-14T15:08:58","modified_gmt":"2025-08-14T15:08:58","slug":"speisen","status":"publish","type":"page","link":"https:\/\/cafe-meier.at\/?page_id=120","title":{"rendered":"Speisen"},"content":{"rendered":"<figure class=\"wp-block-table is-style-stripes\">\r\n<table style=\"width: 100%; height: 666px;\">\r\n<tbody>\r\n<tr style=\"height: 37px;\">\r\n<td style=\"height: 37px; width: 83.9196%; text-align: right;\">Rindsuppe mit Frittaten<\/td>\r\n<td style=\"height: 37px; width: 15.9129%;\">\u20ac 5,20<\/td>\r\n<\/tr>\r\n<tr style=\"height: 37px;\">\r\n<td style=\"height: 37px; width: 83.9196%; text-align: right;\">Gemischter Salatteller (mit Geb\u00e4ck)<\/td>\r\n<td style=\"height: 37px; width: 15.9129%;\">\u20ac 9,40<\/td>\r\n<\/tr>\r\n<tr style=\"height: 37px;\">\r\n<td style=\"height: 37px; width: 83.9196%; text-align: right;\">Gef\u00fcllte Maismehltaschen (Spinat, K\u00e4se)<\/td>\r\n<td style=\"height: 37px; width: 15.9129%;\">\u20ac 12,90<\/td>\r\n<\/tr>\r\n<tr style=\"height: 37px;\">\r\n<td style=\"height: 37px; width: 83.9196%; text-align: right;\">K\u00e4sesp\u00e4tzle mit gr\u00fcnem Salat<\/td>\r\n<td style=\"height: 37px; width: 15.9129%;\">\u20ac 11,90<\/td>\r\n<\/tr>\r\n<tr style=\"height: 37px;\">\r\n<td style=\"height: 37px; width: 83.9196%; text-align: right;\">Gulasch (mit Geb\u00e4ck)<\/td>\r\n<td style=\"height: 37px; width: 15.9129%;\">\u20ac 11,40<\/td>\r\n<\/tr>\r\n<tr style=\"height: 37px;\">\r\n<td style=\"height: 37px; width: 83.9196%; text-align: right;\">Thail\u00e4ndisches Puten Curry mit Reis (scharf)<\/td>\r\n<td style=\"height: 37px; width: 15.9129%;\">\u20ac 12,20<\/td>\r\n<\/tr>\r\n<tr style=\"height: 37px;\">\r\n<td style=\"height: 37px; width: 83.9196%; text-align: right;\">W\u00fcrstl mit Senf &#038; Kren &#038; Geb\u00e4ck<\/td>\r\n<td style=\"height: 37px; width: 15.9129%;\">\u20ac 5,90<\/td>\r\n<\/tr>\r\n<tr style=\"height: 37px;\">\r\n<td style=\"height: 37px; width: 83.9196%; text-align: right;\">W\u00fcrstel mit Saft (mit Geb\u00e4ck)<\/td>\r\n<td style=\"height: 37px; width: 15.9129%;\">\u20ac 6,90<\/td>\r\n<\/tr>\r\n<tr style=\"height: 37px;\">\r\n<td style=\"height: 37px; width: 83.9196%; text-align: right;\">Schinkenbrot (ger\u00e4ucherter Schinken)<\/td>\r\n<td style=\"height: 37px; width: 15.9129%;\">\u20ac 4,90<\/td>\r\n<\/tr>\r\n<tr style=\"height: 37px;\">\r\n<td style=\"height: 37px; width: 83.9196%; text-align: right;\">K\u00e4sebrot\/Erd\u00e4pfelk\u00e4sbrot<\/td>\r\n<td style=\"height: 37px; width: 15.9129%;\">\u20ac 4,40<\/td>\r\n<\/tr>\r\n<tr style=\"height: 37px;\">\r\n<td style=\"height: 37px; width: 83.9196%; text-align: right;\">Topfenbrot<\/td>\r\n<td style=\"height: 37px; width: 15.9129%;\">\u20ac 4,20<\/td>\r\n<\/tr>\r\n<tr style=\"height: 37px;\">\r\n<td style=\"height: 37px; width: 83.9196%; text-align: right;\">Zwei Palatschinken (mit Marmelade)<\/td>\r\n<td style=\"height: 37px; width: 15.9129%;\">\u20ac 7,10<\/td>\r\n<\/tr>\r\n<tr style=\"height: 37px;\">\r\n<td style=\"height: 37px; width: 83.9196%; text-align: right;\">Eine Eispalatschinke<\/td>\r\n<td style=\"height: 37px; width: 15.9129%;\">\u20ac 7,80<\/td>\r\n<\/tr>\r\n<\/tbody>\r\n<\/table>\r\n<\/figure>\r\n<!-- \/wp:post-content -->\r\n\r\n<!-- wp:block {\"ref\":924} \/-->\r\n<p><em><strong>Verschiedene hausgemachte Mehlspeisen und Kuchen finden Sie in unserer Vitrine (auch zum Mitnehmen)<\/strong><\/em><\/p>\r\n<!-- \/wp:group -->","protected":false},"excerpt":{"rendered":"<p>Rindsuppe mit Frittaten \u20ac 5,20 Gemischter Salatteller (mit Geb\u00e4ck) \u20ac 9,40 Gef\u00fcllte Maismehltaschen (Spinat, K\u00e4se) \u20ac 12,90 K\u00e4sesp\u00e4tzle mit gr\u00fcnem Salat \u20ac 11,90 Gulasch (mit Geb\u00e4ck) \u20ac 11,40 Thail\u00e4ndisches Puten Curry mit Reis (scharf) \u20ac 12,20 W\u00fcrstl mit Senf &#038; Kren &#038; Geb\u00e4ck \u20ac 5,90 W\u00fcrstel mit Saft (mit Geb\u00e4ck) \u20ac 6,90 Schinkenbrot (ger\u00e4ucherter Schinken) [&hellip;]<\/p>\n","protected":false},"author":1,"featured_media":0,"parent":702,"menu_order":0,"comment_status":"closed","ping_status":"closed","template":"","meta":{"footnotes":""},"class_list":["post-120","page","type-page","status-publish","hentry"],"jetpack_sharing_enabled":false,"_links":{"self":[{"href":"https:\/\/cafe-meier.at\/index.php?rest_route=\/wp\/v2\/pages\/120","targetHints":{"allow":["GET"]}}],"collection":[{"href":"https:\/\/cafe-meier.at\/index.php?rest_route=\/wp\/v2\/pages"}],"about":[{"href":"https:\/\/cafe-meier.at\/index.php?rest_route=\/wp\/v2\/types\/page"}],"author":[{"embeddable":true,"href":"https:\/\/cafe-meier.at\/index.php?rest_route=\/wp\/v2\/users\/1"}],"replies":[{"embeddable":true,"href":"https:\/\/cafe-meier.at\/index.php?rest_route=%2Fwp%2Fv2%2Fcomments&post=120"}],"version-history":[{"count":5,"href":"https:\/\/cafe-meier.at\/index.php?rest_route=\/wp\/v2\/pages\/120\/revisions"}],"predecessor-version":[{"id":1039,"href":"https:\/\/cafe-meier.at\/index.php?rest_route=\/wp\/v2\/pages\/120\/revisions\/1039"}],"up":[{"embeddable":true,"href":"https:\/\/cafe-meier.at\/index.php?rest_route=\/wp\/v2\/pages\/702"}],"wp:attachment":[{"href":"https:\/\/cafe-meier.at\/index.php?rest_route=%2Fwp%2Fv2%2Fmedia&parent=120"}],"curies":[{"name":"wp","href":"https:\/\/api.w.org\/{rel}","templated":true}]}}