{"id":107,"date":"2014-12-09T18:45:59","date_gmt":"2014-12-09T16:45:59","guid":{"rendered":"http:\/\/kaffeemeier.wordpress.com\/?page_id=107"},"modified":"2025-08-15T04:51:46","modified_gmt":"2025-08-15T04:51:46","slug":"leseangebote","status":"publish","type":"page","link":"https:\/\/cafe-meier.at\/?page_id=107","title":{"rendered":"G\u00e4stebuch"},"content":{"rendered":"<div class=\"entry-content\">\n<p><b>Genie\u00dfer,<\/b> Ein gro\u00dfes Lob dem Meierschen K\u00fcchenteam, dem ich viele kulinarische Entdeckungen zu verdanken habe und dem ich daher diese Seite in meinem Fotoblog widme: <a href=\"http:\/\/foto.stangl.eu\/653\/bei-meier\" rel=\"nofollow\">http:\/\/foto.stangl.eu\/653\/bei-meier<\/a> Ich freue mich schon auf den n\u00e4chsten Besuch <span class=\"wp-smiley wp-emoji wp-emoji-smile\" title=\":-)\">\ud83d\ude42<\/span><\/p>\n<p><b>Thomas,<\/b> Liebes team, f\u00fcr mich ist ein Klavierabend in Ihrem Kaffeehaus ein besonderes Erlebnis und Ohrenschmaus. Leider werden mit Ende der Gartensaison die St\u00fchle und Tische verstaut und mit gro\u00dfem Bedauern auch das Klavier an einen ung\u00fcnstigen Ort platziert. Die Bar samt Kaffeemaschine und das gr\u00f6\u00dfere Platzangebot erh\u00f6hen den L\u00e4rmpegel so sehr, dass die Musik zur Nebensache degradiert wird. Der urspr\u00fcngliche Platz im oberen Gew\u00f6lbe ist in meinen Augen der bessere Standort, um die musikalischen Ausf\u00fchrungen Ihrer Musiker genie\u00dfen zu k\u00f6nnen. LG Thomas<\/p>\n<p><b>Hermann,<\/b> Auf Radtour Passau-Wien bei euch eingekehrt.Gut gegessen und getrunken.War sch\u00f6n bei euch!<\/p>\n<p><b>Alex,<\/b> Hallo ans Team! Ich wollte fragen, wie das bei euch mit dem Klavier fuktioniert? weil wenn ich bei euch bin, trau ich mich nicht fragen, weil da sitzt dann immer ein Pianist beim Klavier\u2026 darf man auf dem spielen? LG Alex<\/p>\n<p><b>Andrea,<\/b> Das Caf\u00e9 Meier ist eines der besten Kaffeeh\u00e4user, in denen ich jemals Platz genommen habe. Beim j\u00e4hrlichen Heimatbesuch in O\u00d6 schaue ich bei Euch vorbei \u2013 bis zum n\u00e4chsten Mal! Liebe Gr\u00fc\u00dfe A.<\/p>\n<p><b>Jorge Chaves,<\/b> Un caf\u00e9 diferente en Linz, ademas creo que la pagina Web, tambien muestra mucha de su belleza, pero por supuestos muchos saludos de mi parte!!!!!<\/p>\n<\/div>\n","protected":false},"excerpt":{"rendered":"<p>Genie\u00dfer, Ein gro\u00dfes Lob dem Meierschen K\u00fcchenteam, dem ich viele kulinarische Entdeckungen zu verdanken habe und dem ich daher diese Seite in meinem Fotoblog widme: http:\/\/foto.stangl.eu\/653\/bei-meier Ich freue mich schon auf den n\u00e4chsten Besuch \ud83d\ude42 Thomas, Liebes team, f\u00fcr mich ist ein Klavierabend in Ihrem Kaffeehaus ein besonderes Erlebnis und Ohrenschmaus. Leider werden mit Ende [&hellip;]<\/p>\n","protected":false},"author":1,"featured_media":0,"parent":0,"menu_order":0,"comment_status":"open","ping_status":"open","template":"","meta":{"footnotes":""},"class_list":["post-107","page","type-page","status-publish","hentry"],"jetpack_sharing_enabled":false,"_links":{"self":[{"href":"https:\/\/cafe-meier.at\/index.php?rest_route=\/wp\/v2\/pages\/107","targetHints":{"allow":["GET"]}}],"collection":[{"href":"https:\/\/cafe-meier.at\/index.php?rest_route=\/wp\/v2\/pages"}],"about":[{"href":"https:\/\/cafe-meier.at\/index.php?rest_route=\/wp\/v2\/types\/page"}],"author":[{"embeddable":true,"href":"https:\/\/cafe-meier.at\/index.php?rest_route=\/wp\/v2\/users\/1"}],"replies":[{"embeddable":true,"href":"https:\/\/cafe-meier.at\/index.php?rest_route=%2Fwp%2Fv2%2Fcomments&post=107"}],"version-history":[{"count":1,"href":"https:\/\/cafe-meier.at\/index.php?rest_route=\/wp\/v2\/pages\/107\/revisions"}],"predecessor-version":[{"id":1041,"href":"https:\/\/cafe-meier.at\/index.php?rest_route=\/wp\/v2\/pages\/107\/revisions\/1041"}],"wp:attachment":[{"href":"https:\/\/cafe-meier.at\/index.php?rest_route=%2Fwp%2Fv2%2Fmedia&parent=107"}],"curies":[{"name":"wp","href":"https:\/\/api.w.org\/{rel}","templated":true}]}}